{"id":419,"date":"2026-02-10T21:33:05","date_gmt":"2026-02-10T20:33:05","guid":{"rendered":"https:\/\/www.hassagy.hu\/?page_id=419"},"modified":"2026-04-01T23:05:52","modified_gmt":"2026-04-01T21:05:52","slug":"palyazatok","status":"publish","type":"page","link":"https:\/\/www.hassagy.hu\/?page_id=419","title":{"rendered":"P\u00e1ly\u00e1zatok"},"content":{"rendered":"\n<h2 class=\"wp-block-heading has-text-align-center\">VERSENYK\u00c9PES J\u00c1R\u00c1SOK PROGRAM<\/h2>\n\n\n\n<div data-wp-interactive=\"core\/file\" class=\"wp-block-file aligncenter\"><object data-wp-bind--hidden=\"!state.hasPdfPreview\" hidden class=\"wp-block-file__embed\" data=\"https:\/\/www.hassagy.hu\/wp-content\/uploads\/2026\/04\/VJP-2026.evi_sajtokozlemeny_HASSAGY_honlapra_VEGSO-2026.04.01_-sablon-alapjan_FINAL_.pdf\" type=\"application\/pdf\" style=\"width:100%;height:600px\" aria-label=\"VJP 2026.\u00e9vi_sajt\u00f3k\u00f6zlem\u00e9ny_H\u00c1SS\u00c1GY_honlapra_V\u00c9GS\u0150 2026.04.01_ sablon alapj\u00e1n_FINAL_ be\u00e1gyaz\u00e1sa\"><\/object><a id=\"wp-block-file--media-c5b1095a-93f1-4ab8-8123-7bb1af755dd0\" href=\"https:\/\/www.hassagy.hu\/wp-content\/uploads\/2026\/04\/VJP-2026.evi_sajtokozlemeny_HASSAGY_honlapra_VEGSO-2026.04.01_-sablon-alapjan_FINAL_.pdf\">VJP 2026.\u00e9vi_sajt\u00f3k\u00f6zlem\u00e9ny_H\u00c1SS\u00c1GY_honlapra_V\u00c9GS\u0150 2026.04.01_ sablon alapj\u00e1n_FINAL_<\/a><\/div>\n\n\n\n<div data-wp-interactive=\"core\/file\" class=\"wp-block-file\"><object data-wp-bind--hidden=\"!state.hasPdfPreview\" hidden class=\"wp-block-file__embed\" data=\"https:\/\/www.hassagy.hu\/wp-content\/uploads\/2026\/02\/VJP-EXTRA_kozlemeny_HASSAGY_honlapra_2026.02.10.pdf\" type=\"application\/pdf\" style=\"width:100%;height:600px\" aria-label=\"VJP EXTRA_k\u00f6zlem\u00e9ny_H\u00c1SS\u00c1GY_honlapra_2026.02.10 be\u00e1gyaz\u00e1sa\"><\/object><a id=\"wp-block-file--media-21d8cb36-30b0-4e54-b19e-9b4b01d70fa7\" href=\"https:\/\/www.hassagy.hu\/wp-content\/uploads\/2026\/02\/VJP-EXTRA_kozlemeny_HASSAGY_honlapra_2026.02.10.pdf\">VJP EXTRA_k\u00f6zlem\u00e9ny_H\u00c1SS\u00c1GY_honlapra_2026.02.10<\/a><\/div>\n\n\n\n<div data-wp-interactive=\"core\/file\" class=\"wp-block-file\"><object data-wp-bind--hidden=\"!state.hasPdfPreview\" hidden class=\"wp-block-file__embed\" data=\"https:\/\/www.hassagy.hu\/wp-content\/uploads\/2026\/02\/VJP_sajtokozlemeny_HASSAGY_honlapra_VEGSO-2025.11.18.-sablon_FINAL_.pdf\" type=\"application\/pdf\" style=\"width:100%;height:600px\" aria-label=\"VJP_sajt\u00f3k\u00f6zlem\u00e9ny_H\u00c1SS\u00c1GY_honlapra_V\u00c9GS\u0150 2025.11.18. sablon_FINAL_ be\u00e1gyaz\u00e1sa\"><\/object><a id=\"wp-block-file--media-48bf9160-5ce9-4f84-b12b-3ea66c3f955c\" href=\"https:\/\/www.hassagy.hu\/wp-content\/uploads\/2026\/02\/VJP_sajtokozlemeny_HASSAGY_honlapra_VEGSO-2025.11.18.-sablon_FINAL_.pdf\">VJP_sajt\u00f3k\u00f6zlem\u00e9ny_H\u00c1SS\u00c1GY_honlapra_V\u00c9GS\u0150 2025.11.18. sablon_FINAL_<\/a><\/div>\n","protected":false},"excerpt":{"rendered":"<p>VERSENYK\u00c9PES J\u00c1R\u00c1SOK PROGRAM<\/p>\n","protected":false},"author":1,"featured_media":0,"parent":0,"menu_order":0,"comment_status":"closed","ping_status":"closed","template":"","meta":{"site-sidebar-layout":"default","site-content-layout":"","ast-site-content-layout":"default","site-content-style":"default","site-sidebar-style":"default","ast-global-header-display":"","ast-banner-title-visibility":"","ast-main-header-display":"","ast-hfb-above-header-display":"","ast-hfb-below-header-display":"","ast-hfb-mobile-header-display":"","site-post-title":"","ast-breadcrumbs-content":"","ast-featured-img":"","footer-sml-layout":"","ast-disable-related-posts":"","theme-transparent-header-meta":"","adv-header-id-meta":"","stick-header-meta":"","header-above-stick-meta":"","header-main-stick-meta":"","header-below-stick-meta":"","astra-migrate-meta-layouts":"default","ast-page-background-enabled":"default","ast-page-background-meta":{"desktop":{"background-color":"var(--ast-global-color-5)","background-image":"","background-repeat":"repeat","background-position":"center center","background-size":"auto","background-attachment":"scroll","background-type":"","background-media":"","overlay-type":"","overlay-color":"","overlay-opacity":"","overlay-gradient":""},"tablet":{"background-color":"","background-image":"","background-repeat":"repeat","background-position":"center center","background-size":"auto","background-attachment":"scroll","background-type":"","background-media":"","overlay-type":"","overlay-color":"","overlay-opacity":"","overlay-gradient":""},"mobile":{"background-color":"","background-image":"","background-repeat":"repeat","background-position":"center center","background-size":"auto","background-attachment":"scroll","background-type":"","background-media":"","overlay-type":"","overlay-color":"","overlay-opacity":"","overlay-gradient":""}},"ast-content-background-meta":{"desktop":{"background-color":"var(--ast-global-color-4)","background-image":"","background-repeat":"repeat","background-position":"center center","background-size":"auto","background-attachment":"scroll","background-type":"","background-media":"","overlay-type":"","overlay-color":"","overlay-opacity":"","overlay-gradient":""},"tablet":{"background-color":"var(--ast-global-color-4)","background-image":"","background-repeat":"repeat","background-position":"center center","background-size":"auto","background-attachment":"scroll","background-type":"","background-media":"","overlay-type":"","overlay-color":"","overlay-opacity":"","overlay-gradient":""},"mobile":{"background-color":"var(--ast-global-color-4)","background-image":"","background-repeat":"repeat","background-position":"center center","background-size":"auto","background-attachment":"scroll","background-type":"","background-media":"","overlay-type":"","overlay-color":"","overlay-opacity":"","overlay-gradient":""}},"footnotes":""},"class_list":["post-419","page","type-page","status-publish","hentry"],"_links":{"self":[{"href":"https:\/\/www.hassagy.hu\/index.php?rest_route=\/wp\/v2\/pages\/419","targetHints":{"allow":["GET"]}}],"collection":[{"href":"https:\/\/www.hassagy.hu\/index.php?rest_route=\/wp\/v2\/pages"}],"about":[{"href":"https:\/\/www.hassagy.hu\/index.php?rest_route=\/wp\/v2\/types\/page"}],"author":[{"embeddable":true,"href":"https:\/\/www.hassagy.hu\/index.php?rest_route=\/wp\/v2\/users\/1"}],"replies":[{"embeddable":true,"href":"https:\/\/www.hassagy.hu\/index.php?rest_route=%2Fwp%2Fv2%2Fcomments&post=419"}],"version-history":[{"count":5,"href":"https:\/\/www.hassagy.hu\/index.php?rest_route=\/wp\/v2\/pages\/419\/revisions"}],"predecessor-version":[{"id":455,"href":"https:\/\/www.hassagy.hu\/index.php?rest_route=\/wp\/v2\/pages\/419\/revisions\/455"}],"wp:attachment":[{"href":"https:\/\/www.hassagy.hu\/index.php?rest_route=%2Fwp%2Fv2%2Fmedia&parent=419"}],"curies":[{"name":"wp","href":"https:\/\/api.w.org\/{rel}","templated":true}]}}