{"id":400,"date":"2025-08-13T17:22:00","date_gmt":"2025-08-13T15:22:00","guid":{"rendered":"https:\/\/new.hassagy.hu\/?page_id=400"},"modified":"2025-08-14T10:01:07","modified_gmt":"2025-08-14T08:01:07","slug":"konyvtar","status":"publish","type":"page","link":"https:\/\/www.hassagy.hu\/?page_id=400","title":{"rendered":"K\u00f6nyvt\u00e1r"},"content":{"rendered":"\n<h2 class=\"wp-block-heading has-text-align-center\">Ny\u00e1ri nyitvatart\u00e1s<\/h2>\n\n\n\n<figure class=\"wp-block-table\"><table class=\"has-fixed-layout\"><thead><tr><th class=\"has-text-align-center\" data-align=\"center\">H\u00e9tf\u0151<\/th><th class=\"has-text-align-center\" data-align=\"center\">Kedd<\/th><th class=\"has-text-align-center\" data-align=\"center\">Szerda<\/th><th class=\"has-text-align-center\" data-align=\"center\">Cs\u00fct\u00f6rt\u00f6k<\/th><th class=\"has-text-align-center\" data-align=\"center\">P\u00e9ntek<\/th><\/tr><\/thead><tbody><tr><td class=\"has-text-align-center\" data-align=\"center\">10:00-12:00<\/td><td class=\"has-text-align-center\" data-align=\"center\">10:00-12:00<\/td><td class=\"has-text-align-center\" data-align=\"center\">10:00-12:00<\/td><td class=\"has-text-align-center\" data-align=\"center\">08:00-12:00<\/td><td class=\"has-text-align-center\" data-align=\"center\">10:00-12:00<\/td><\/tr><\/tbody><\/table><\/figure>\n\n\n\n<h2 class=\"wp-block-heading has-text-align-center\">T\u00e9li nyitvatart\u00e1s<\/h2>\n\n\n\n<figure class=\"wp-block-table\"><table class=\"has-fixed-layout\"><thead><tr><th class=\"has-text-align-center\" data-align=\"center\">H\u00e9tf\u0151<\/th><th class=\"has-text-align-center\" data-align=\"center\">Kedd<\/th><th class=\"has-text-align-center\" data-align=\"center\">Szerda<\/th><th class=\"has-text-align-center\" data-align=\"center\">Cs\u00fct\u00f6rt\u00f6k<\/th><th class=\"has-text-align-center\" data-align=\"center\">P\u00e9ntek<\/th><\/tr><\/thead><tbody><tr><td class=\"has-text-align-center\" data-align=\"center\">16:00-18:00<\/td><td class=\"has-text-align-center\" data-align=\"center\">10:00-12:00<\/td><td class=\"has-text-align-center\" data-align=\"center\">16:00-18:00<\/td><td class=\"has-text-align-center\" data-align=\"center\">08:00-12:00<\/td><td class=\"has-text-align-center\" data-align=\"center\">10:00-12:00<\/td><\/tr><\/tbody><\/table><\/figure>\n\n\n\n<p class=\"has-text-align-center has-medium-font-size\">K\u00f6nyvt\u00e1ros: Szab\u00f3 Krisztina<br>Tel.: 69\/358-108<br>e-mail: hassagykonyvtar@gmail.com<\/p>\n","protected":false},"excerpt":{"rendered":"<p>Ny\u00e1ri nyitvatart\u00e1s H\u00e9tf\u0151 Kedd Szerda Cs\u00fct\u00f6rt\u00f6k P\u00e9ntek 10:00-12:00 10:00-12:00 10:00-12:00 08:00-12:00 10:00-12:00 T\u00e9li nyitvatart\u00e1s H\u00e9tf\u0151 Kedd Szerda Cs\u00fct\u00f6rt\u00f6k P\u00e9ntek 16:00-18:00 10:00-12:00 16:00-18:00 08:00-12:00 10:00-12:00 K\u00f6nyvt\u00e1ros: Szab\u00f3 KrisztinaTel.: 69\/358-108e-mail: hassagykonyvtar@gmail.com<\/p>\n","protected":false},"author":1,"featured_media":0,"parent":0,"menu_order":0,"comment_status":"closed","ping_status":"closed","template":"","meta":{"site-sidebar-layout":"default","site-content-layout":"","ast-site-content-layout":"default","site-content-style":"default","site-sidebar-style":"default","ast-global-header-display":"","ast-banner-title-visibility":"","ast-main-header-display":"","ast-hfb-above-header-display":"","ast-hfb-below-header-display":"","ast-hfb-mobile-header-display":"","site-post-title":"","ast-breadcrumbs-content":"","ast-featured-img":"","footer-sml-layout":"","ast-disable-related-posts":"","theme-transparent-header-meta":"","adv-header-id-meta":"","stick-header-meta":"","header-above-stick-meta":"","header-main-stick-meta":"","header-below-stick-meta":"","astra-migrate-meta-layouts":"default","ast-page-background-enabled":"default","ast-page-background-meta":{"desktop":{"background-color":"var(--ast-global-color-5)","background-image":"","background-repeat":"repeat","background-position":"center center","background-size":"auto","background-attachment":"scroll","background-type":"","background-media":"","overlay-type":"","overlay-color":"","overlay-opacity":"","overlay-gradient":""},"tablet":{"background-color":"","background-image":"","background-repeat":"repeat","background-position":"center center","background-size":"auto","background-attachment":"scroll","background-type":"","background-media":"","overlay-type":"","overlay-color":"","overlay-opacity":"","overlay-gradient":""},"mobile":{"background-color":"","background-image":"","background-repeat":"repeat","background-position":"center center","background-size":"auto","background-attachment":"scroll","background-type":"","background-media":"","overlay-type":"","overlay-color":"","overlay-opacity":"","overlay-gradient":""}},"ast-content-background-meta":{"desktop":{"background-color":"var(--ast-global-color-4)","background-image":"","background-repeat":"repeat","background-position":"center center","background-size":"auto","background-attachment":"scroll","background-type":"","background-media":"","overlay-type":"","overlay-color":"","overlay-opacity":"","overlay-gradient":""},"tablet":{"background-color":"var(--ast-global-color-4)","background-image":"","background-repeat":"repeat","background-position":"center center","background-size":"auto","background-attachment":"scroll","background-type":"","background-media":"","overlay-type":"","overlay-color":"","overlay-opacity":"","overlay-gradient":""},"mobile":{"background-color":"var(--ast-global-color-4)","background-image":"","background-repeat":"repeat","background-position":"center center","background-size":"auto","background-attachment":"scroll","background-type":"","background-media":"","overlay-type":"","overlay-color":"","overlay-opacity":"","overlay-gradient":""}},"footnotes":""},"class_list":["post-400","page","type-page","status-publish","hentry"],"_links":{"self":[{"href":"https:\/\/www.hassagy.hu\/index.php?rest_route=\/wp\/v2\/pages\/400","targetHints":{"allow":["GET"]}}],"collection":[{"href":"https:\/\/www.hassagy.hu\/index.php?rest_route=\/wp\/v2\/pages"}],"about":[{"href":"https:\/\/www.hassagy.hu\/index.php?rest_route=\/wp\/v2\/types\/page"}],"author":[{"embeddable":true,"href":"https:\/\/www.hassagy.hu\/index.php?rest_route=\/wp\/v2\/users\/1"}],"replies":[{"embeddable":true,"href":"https:\/\/www.hassagy.hu\/index.php?rest_route=%2Fwp%2Fv2%2Fcomments&post=400"}],"version-history":[{"count":5,"href":"https:\/\/www.hassagy.hu\/index.php?rest_route=\/wp\/v2\/pages\/400\/revisions"}],"predecessor-version":[{"id":414,"href":"https:\/\/www.hassagy.hu\/index.php?rest_route=\/wp\/v2\/pages\/400\/revisions\/414"}],"wp:attachment":[{"href":"https:\/\/www.hassagy.hu\/index.php?rest_route=%2Fwp%2Fv2%2Fmedia&parent=400"}],"curies":[{"name":"wp","href":"https:\/\/api.w.org\/{rel}","templated":true}]}}