{"id":398,"date":"2025-08-13T17:21:38","date_gmt":"2025-08-13T15:21:38","guid":{"rendered":"https:\/\/new.hassagy.hu\/?page_id=398"},"modified":"2025-08-13T20:48:20","modified_gmt":"2025-08-13T18:48:20","slug":"vedonoi-ellatas","status":"publish","type":"page","link":"https:\/\/www.hassagy.hu\/?page_id=398","title":{"rendered":"V\u00e9d\u0151n\u0151i ell\u00e1t\u00e1s"},"content":{"rendered":"\n<p class=\"has-text-align-center has-medium-font-size\"><strong>P\u00c9CSI TUDOM\u00c1NYEGYETEM KLINIKAI K\u00d6ZPONT<br>V\u00c1RMEGYEI V\u00c9D\u0150N\u0150I SZOLG\u00c1LAT<\/strong><\/p>\n\n\n\n<p class=\"has-text-align-center has-medium-font-size\"><strong>OLASZ V\u00c9D\u0150N\u0150I K\u00d6RZET<\/strong><\/p>\n\n\n\n<p class=\"has-text-align-center has-medium-font-size\"><strong>V\u00c9D\u0150N\u0150: LENGYELN\u00c9 GUTH \u00c9VA<\/strong><\/p>\n\n\n\n<p class=\"has-text-align-center\">Tel.: +36301767487 E-mail: <a href=\"mailto:olasz.vedono@pte.hu\">olasz.vedono@pte.hu<\/a><br>Tan\u00e1csad\u00f3 c\u00edme: 7745 Olasz, Kossuth Lajos utca 109\/A<\/p>\n\n\n\n<p class=\"has-text-align-center\"><strong>Tan\u00e1csad\u00e1si id\u0151<\/strong>:<br><strong><em>(El\u0151zetes id\u0151pont egyeztet\u00e9s sz\u00fcks\u00e9ges)<\/em><\/strong><\/p>\n\n\n\n<p class=\"has-text-align-center\">N\u0151v\u00e9delmi \u00e9s v\u00e1rand\u00f3s: h\u00e9tf\u0151 8:00-10:00<br>Csecsem\u0151- \u00e9s kisgyermek: szerda: 8:00-10:00<\/p>\n\n\n\n<p class=\"has-text-align-center\"><strong>Rendelkez\u00e9sre \u00e1ll\u00e1si id\u0151<\/strong>:<\/p>\n\n\n\n<p class=\"has-text-align-center\">h\u00e9tf\u0151t\u0151l p\u00e9ntekig 8:00-16:00<\/p>\n","protected":false},"excerpt":{"rendered":"<p>P\u00c9CSI TUDOM\u00c1NYEGYETEM KLINIKAI K\u00d6ZPONTV\u00c1RMEGYEI V\u00c9D\u0150N\u0150I SZOLG\u00c1LAT OLASZ V\u00c9D\u0150N\u0150I K\u00d6RZET V\u00c9D\u0150N\u0150: LENGYELN\u00c9 GUTH \u00c9VA Tel.: +36301767487 E-mail: olasz.vedono@pte.huTan\u00e1csad\u00f3 c\u00edme: 7745 Olasz, Kossuth Lajos utca 109\/A Tan\u00e1csad\u00e1si id\u0151:(El\u0151zetes id\u0151pont egyeztet\u00e9s sz\u00fcks\u00e9ges) N\u0151v\u00e9delmi \u00e9s v\u00e1rand\u00f3s: h\u00e9tf\u0151 8:00-10:00Csecsem\u0151- \u00e9s kisgyermek: szerda: 8:00-10:00 Rendelkez\u00e9sre \u00e1ll\u00e1si id\u0151: h\u00e9tf\u0151t\u0151l p\u00e9ntekig 8:00-16:00<\/p>\n","protected":false},"author":1,"featured_media":0,"parent":0,"menu_order":0,"comment_status":"closed","ping_status":"closed","template":"","meta":{"site-sidebar-layout":"default","site-content-layout":"","ast-site-content-layout":"default","site-content-style":"default","site-sidebar-style":"default","ast-global-header-display":"","ast-banner-title-visibility":"","ast-main-header-display":"","ast-hfb-above-header-display":"","ast-hfb-below-header-display":"","ast-hfb-mobile-header-display":"","site-post-title":"","ast-breadcrumbs-content":"","ast-featured-img":"","footer-sml-layout":"","ast-disable-related-posts":"","theme-transparent-header-meta":"","adv-header-id-meta":"","stick-header-meta":"","header-above-stick-meta":"","header-main-stick-meta":"","header-below-stick-meta":"","astra-migrate-meta-layouts":"default","ast-page-background-enabled":"default","ast-page-background-meta":{"desktop":{"background-color":"var(--ast-global-color-5)","background-image":"","background-repeat":"repeat","background-position":"center center","background-size":"auto","background-attachment":"scroll","background-type":"","background-media":"","overlay-type":"","overlay-color":"","overlay-opacity":"","overlay-gradient":""},"tablet":{"background-color":"","background-image":"","background-repeat":"repeat","background-position":"center center","background-size":"auto","background-attachment":"scroll","background-type":"","background-media":"","overlay-type":"","overlay-color":"","overlay-opacity":"","overlay-gradient":""},"mobile":{"background-color":"","background-image":"","background-repeat":"repeat","background-position":"center center","background-size":"auto","background-attachment":"scroll","background-type":"","background-media":"","overlay-type":"","overlay-color":"","overlay-opacity":"","overlay-gradient":""}},"ast-content-background-meta":{"desktop":{"background-color":"var(--ast-global-color-4)","background-image":"","background-repeat":"repeat","background-position":"center center","background-size":"auto","background-attachment":"scroll","background-type":"","background-media":"","overlay-type":"","overlay-color":"","overlay-opacity":"","overlay-gradient":""},"tablet":{"background-color":"var(--ast-global-color-4)","background-image":"","background-repeat":"repeat","background-position":"center center","background-size":"auto","background-attachment":"scroll","background-type":"","background-media":"","overlay-type":"","overlay-color":"","overlay-opacity":"","overlay-gradient":""},"mobile":{"background-color":"var(--ast-global-color-4)","background-image":"","background-repeat":"repeat","background-position":"center center","background-size":"auto","background-attachment":"scroll","background-type":"","background-media":"","overlay-type":"","overlay-color":"","overlay-opacity":"","overlay-gradient":""}},"footnotes":""},"class_list":["post-398","page","type-page","status-publish","hentry"],"_links":{"self":[{"href":"https:\/\/www.hassagy.hu\/index.php?rest_route=\/wp\/v2\/pages\/398","targetHints":{"allow":["GET"]}}],"collection":[{"href":"https:\/\/www.hassagy.hu\/index.php?rest_route=\/wp\/v2\/pages"}],"about":[{"href":"https:\/\/www.hassagy.hu\/index.php?rest_route=\/wp\/v2\/types\/page"}],"author":[{"embeddable":true,"href":"https:\/\/www.hassagy.hu\/index.php?rest_route=\/wp\/v2\/users\/1"}],"replies":[{"embeddable":true,"href":"https:\/\/www.hassagy.hu\/index.php?rest_route=%2Fwp%2Fv2%2Fcomments&post=398"}],"version-history":[{"count":4,"href":"https:\/\/www.hassagy.hu\/index.php?rest_route=\/wp\/v2\/pages\/398\/revisions"}],"predecessor-version":[{"id":406,"href":"https:\/\/www.hassagy.hu\/index.php?rest_route=\/wp\/v2\/pages\/398\/revisions\/406"}],"wp:attachment":[{"href":"https:\/\/www.hassagy.hu\/index.php?rest_route=%2Fwp%2Fv2%2Fmedia&parent=398"}],"curies":[{"name":"wp","href":"https:\/\/api.w.org\/{rel}","templated":true}]}}