{"id":333,"date":"2025-08-11T10:51:14","date_gmt":"2025-08-11T08:51:14","guid":{"rendered":"https:\/\/new.hassagy.hu\/?page_id=333"},"modified":"2026-03-16T20:07:54","modified_gmt":"2026-03-16T19:07:54","slug":"kozerdeku-adatok","status":"publish","type":"page","link":"https:\/\/www.hassagy.hu\/?page_id=333","title":{"rendered":"K\u00f6z\u00e9rdek\u0171 adatok"},"content":{"rendered":"\n<figure class=\"wp-block-table\"><table class=\"has-fixed-layout\"><tbody><tr><td><strong>1. Szervezeti, szem\u00e9lyzeti adatok<\/strong><\/td><\/tr><tr><td><em>1.1. Kapcsolat, szervezet, vezet\u0151k<\/em><\/td><\/tr><tr><td><a href=\"https:\/\/www.hassagy.hu\/?page_id=357\" data-type=\"link\" data-id=\"https:\/\/www.hassagy.hu\/?page_id=357\">\u00bb\u00a0El\u00e9rhet\u0151s\u00e9gi adatok<\/a><\/td><\/tr><tr><td>\u00bb&nbsp;A szervezeti strukt\u00fara<\/td><\/tr><tr><td><a href=\"https:\/\/www.hassagy.hu\/?page_id=294\" data-type=\"link\" data-id=\"https:\/\/www.hassagy.hu\/?page_id=294\">\u00bb\u00a0A szerv vezet\u0151i<\/a><\/td><\/tr><tr><td><em>1.2. A fel\u00fcgyelt k\u00f6lts\u00e9gvet\u00e9si szervek<\/em><\/td><\/tr><tr><td>\u00bb&nbsp;A szerv ir\u00e1ny\u00edt\u00e1sa, fel\u00fcgyelete vagy ellen\u0151rz\u00e9se alatt \u00e1ll\u00f3, vagy al\u00e1rendelts\u00e9g\u00e9ben m\u0171k\u00f6d\u0151 m\u00e1s k\u00f6zfeladatot ell\u00e1t\u00f3 szerv<\/td><\/tr><tr><td><em>1.3. Gazd\u00e1lkod\u00f3 szervezetek<\/em><\/td><\/tr><tr><td>\u00bb&nbsp;A szerv tulajdon\u00e1ban \u00e1ll\u00f3 vagy r\u00e9szv\u00e9tel\u00e9vel m\u0171k\u00f6d\u0151 gazd\u00e1lkod\u00f3 szervezetek<\/td><\/tr><tr><td><em>1.4. K\u00f6zalap\u00edtv\u00e1nyok<\/em><\/td><\/tr><tr><td>\u00bb&nbsp;A szerv \u00e1ltal alap\u00edtott k\u00f6zalap\u00edtv\u00e1nyok<\/td><\/tr><tr><td><em>1.5. Lapok<\/em><\/td><\/tr><tr><td>\u00bb&nbsp;Lapok<\/td><\/tr><tr><td><em>1.6. Felettes, fel\u00fcgyeleti, t\u00f6rv\u00e9nyess\u00e9gi ellen\u0151rz\u00e9st gyakorl\u00f3 szervek<\/em><\/td><\/tr><tr><td>\u00bb&nbsp;Felettes, fel\u00fcgyeleti, t\u00f6rv\u00e9nyess\u00e9gi ellen\u0151rz\u00e9st gyakorl\u00f3 szervek<\/td><\/tr><tr><td><em>1.7. K\u00f6lts\u00e9gvet\u00e9si szervek<\/em><\/td><\/tr><tr><td>\u00bb&nbsp;K\u00f6lts\u00e9gvet\u00e9si szervek<\/td><\/tr><tr><td><strong>2. Tev\u00e9kenys\u00e9gre, m\u0171k\u00f6d\u00e9sre vonatkoz\u00f3 adatok<\/strong><\/td><\/tr><tr><td>\u00bb&nbsp;A szerv alaptev\u00e9kenys\u00e9ge, feladat- \u00e9s hat\u00e1sk\u00f6re<\/td><\/tr><tr><td>\u00bb&nbsp;A hat\u00f3s\u00e1gi \u00fcgyek int\u00e9z\u00e9s\u00e9nek rendj\u00e9vel kapcsolatos adatok<\/td><\/tr><tr><td>\u00bb&nbsp;K\u00f6zszolg\u00e1ltat\u00e1sok<\/td><\/tr><tr><td>\u00bb&nbsp;A szerv nyilv\u00e1ntart\u00e1sai<\/td><\/tr><tr><td>\u00bb&nbsp;Nyilv\u00e1nos kiadv\u00e1nyok<\/td><\/tr><tr><td>\u00bb&nbsp;D\u00f6nt\u00e9shozatal, \u00fcl\u00e9sek<\/td><\/tr><tr><td>\u00bb&nbsp;A szerv d\u00f6nt\u00e9sei, koncepci\u00f3k, tervezetek, javaslatok<\/td><\/tr><tr><td>\u00bb&nbsp;P\u00e1ly\u00e1zatok<\/td><\/tr><tr><td>\u00bb&nbsp;Hirdetm\u00e9nyek<\/td><\/tr><tr><td>\u00bb&nbsp;K\u00f6z\u00e9rdek\u0171 adatok ig\u00e9nyl\u00e9se<\/td><\/tr><tr><td>\u00bb&nbsp;K\u00f6zz\u00e9t\u00e9teli list\u00e1k<\/td><\/tr><tr><td>\u00bb&nbsp;K\u00f6zadatok \u00fajrahasznos\u00edt\u00e1sa<\/td><\/tr><tr><td><strong>3. Gazd\u00e1lkod\u00e1si adatok<\/strong><\/td><\/tr><tr><td><em>3.1. A m\u0171k\u00f6d\u00e9s t\u00f6rv\u00e9nyess\u00e9ge, ellen\u0151rz\u00e9sek<\/em><\/td><\/tr><tr><td>\u00bb&nbsp;Vizsg\u00e1latok, ellen\u0151rz\u00e9sek list\u00e1ja<\/td><\/tr><tr><td>\u00bb&nbsp;Az \u00c1llami Sz\u00e1mvev\u0151sz\u00e9k ellen\u0151rz\u00e9sei<\/td><\/tr><tr><td>\u00bb&nbsp;Egy\u00e9b ellen\u0151rz\u00e9sek, vizsg\u00e1latok<\/td><\/tr><tr><td>\u00bb&nbsp;A m\u0171k\u00f6d\u00e9s eredm\u00e9nyess\u00e9ge, teljes\u00edtm\u00e9ny<\/td><\/tr><tr><td>\u00bb&nbsp;M\u0171k\u00f6d\u00e9si statisztika<\/td><\/tr><tr><td><em>3.2. K\u00f6lts\u00e9gvet\u00e9sek, besz\u00e1mol\u00f3k<\/em><\/td><\/tr><tr><td>\u00bb&nbsp;\u00c9ves k\u00f6lts\u00e9gvet\u00e9sek<\/td><\/tr><tr><td>\u00bb&nbsp;Sz\u00e1mviteli besz\u00e1mol\u00f3k<\/td><\/tr><tr><td>\u00bb&nbsp;A k\u00f6lts\u00e9gvet\u00e9s v\u00e9grehajt\u00e1sa<\/td><\/tr><tr><td><em>3.3. M\u0171k\u00f6d\u00e9s<\/em><\/td><\/tr><tr><td>\u00bb&nbsp;A foglalkoztatottak<\/td><\/tr><tr><td>\u00bb&nbsp;T\u00e1mogat\u00e1sok<\/td><\/tr><tr><td>\u00bb&nbsp;Szerz\u0151d\u00e9sek<\/td><\/tr><tr><td>\u00bb&nbsp;Koncesszi\u00f3k<\/td><\/tr><tr><td>\u00bb&nbsp;Egy\u00e9b kifizet\u00e9sek<\/td><\/tr><tr><td>\u00bb&nbsp;Eur\u00f3pai Uni\u00f3 \u00e1ltal t\u00e1mogatott fejleszt\u00e9sek<\/td><\/tr><tr><td>\u00bb&nbsp;K\u00f6zbeszerz\u00e9s<\/td><\/tr><tr><td>\u00bb&nbsp;T\u00f6bb k\u00f6zbeszerz\u00e9s<\/td><\/tr><\/tbody><\/table><\/figure>\n","protected":false},"excerpt":{"rendered":"<p>1. Szervezeti, szem\u00e9lyzeti adatok 1.1. Kapcsolat, szervezet, vezet\u0151k \u00bb\u00a0El\u00e9rhet\u0151s\u00e9gi adatok \u00bb&nbsp;A szervezeti strukt\u00fara \u00bb\u00a0A szerv vezet\u0151i 1.2. A fel\u00fcgyelt k\u00f6lts\u00e9gvet\u00e9si szervek \u00bb&nbsp;A szerv ir\u00e1ny\u00edt\u00e1sa, fel\u00fcgyelete vagy ellen\u0151rz\u00e9se alatt \u00e1ll\u00f3, vagy al\u00e1rendelts\u00e9g\u00e9ben m\u0171k\u00f6d\u0151 m\u00e1s k\u00f6zfeladatot ell\u00e1t\u00f3 szerv 1.3. Gazd\u00e1lkod\u00f3 szervezetek \u00bb&nbsp;A szerv tulajdon\u00e1ban \u00e1ll\u00f3 vagy r\u00e9szv\u00e9tel\u00e9vel m\u0171k\u00f6d\u0151 gazd\u00e1lkod\u00f3 szervezetek 1.4. K\u00f6zalap\u00edtv\u00e1nyok \u00bb&nbsp;A szerv \u00e1ltal alap\u00edtott k\u00f6zalap\u00edtv\u00e1nyok [&hellip;]<\/p>\n","protected":false},"author":1,"featured_media":0,"parent":0,"menu_order":0,"comment_status":"closed","ping_status":"closed","template":"","meta":{"site-sidebar-layout":"default","site-content-layout":"","ast-site-content-layout":"default","site-content-style":"default","site-sidebar-style":"default","ast-global-header-display":"","ast-banner-title-visibility":"","ast-main-header-display":"","ast-hfb-above-header-display":"","ast-hfb-below-header-display":"","ast-hfb-mobile-header-display":"","site-post-title":"","ast-breadcrumbs-content":"","ast-featured-img":"","footer-sml-layout":"","ast-disable-related-posts":"","theme-transparent-header-meta":"","adv-header-id-meta":"","stick-header-meta":"","header-above-stick-meta":"","header-main-stick-meta":"","header-below-stick-meta":"","astra-migrate-meta-layouts":"default","ast-page-background-enabled":"default","ast-page-background-meta":{"desktop":{"background-color":"var(--ast-global-color-5)","background-image":"","background-repeat":"repeat","background-position":"center center","background-size":"auto","background-attachment":"scroll","background-type":"","background-media":"","overlay-type":"","overlay-color":"","overlay-opacity":"","overlay-gradient":""},"tablet":{"background-color":"","background-image":"","background-repeat":"repeat","background-position":"center center","background-size":"auto","background-attachment":"scroll","background-type":"","background-media":"","overlay-type":"","overlay-color":"","overlay-opacity":"","overlay-gradient":""},"mobile":{"background-color":"","background-image":"","background-repeat":"repeat","background-position":"center center","background-size":"auto","background-attachment":"scroll","background-type":"","background-media":"","overlay-type":"","overlay-color":"","overlay-opacity":"","overlay-gradient":""}},"ast-content-background-meta":{"desktop":{"background-color":"var(--ast-global-color-4)","background-image":"","background-repeat":"repeat","background-position":"center center","background-size":"auto","background-attachment":"scroll","background-type":"","background-media":"","overlay-type":"","overlay-color":"","overlay-opacity":"","overlay-gradient":""},"tablet":{"background-color":"var(--ast-global-color-4)","background-image":"","background-repeat":"repeat","background-position":"center center","background-size":"auto","background-attachment":"scroll","background-type":"","background-media":"","overlay-type":"","overlay-color":"","overlay-opacity":"","overlay-gradient":""},"mobile":{"background-color":"var(--ast-global-color-4)","background-image":"","background-repeat":"repeat","background-position":"center center","background-size":"auto","background-attachment":"scroll","background-type":"","background-media":"","overlay-type":"","overlay-color":"","overlay-opacity":"","overlay-gradient":""}},"footnotes":""},"class_list":["post-333","page","type-page","status-publish","hentry"],"_links":{"self":[{"href":"https:\/\/www.hassagy.hu\/index.php?rest_route=\/wp\/v2\/pages\/333","targetHints":{"allow":["GET"]}}],"collection":[{"href":"https:\/\/www.hassagy.hu\/index.php?rest_route=\/wp\/v2\/pages"}],"about":[{"href":"https:\/\/www.hassagy.hu\/index.php?rest_route=\/wp\/v2\/types\/page"}],"author":[{"embeddable":true,"href":"https:\/\/www.hassagy.hu\/index.php?rest_route=\/wp\/v2\/users\/1"}],"replies":[{"embeddable":true,"href":"https:\/\/www.hassagy.hu\/index.php?rest_route=%2Fwp%2Fv2%2Fcomments&post=333"}],"version-history":[{"count":3,"href":"https:\/\/www.hassagy.hu\/index.php?rest_route=\/wp\/v2\/pages\/333\/revisions"}],"predecessor-version":[{"id":451,"href":"https:\/\/www.hassagy.hu\/index.php?rest_route=\/wp\/v2\/pages\/333\/revisions\/451"}],"wp:attachment":[{"href":"https:\/\/www.hassagy.hu\/index.php?rest_route=%2Fwp%2Fv2%2Fmedia&parent=333"}],"curies":[{"name":"wp","href":"https:\/\/api.w.org\/{rel}","templated":true}]}}