{"id":323,"date":"2025-08-03T10:48:40","date_gmt":"2025-08-03T08:48:40","guid":{"rendered":"https:\/\/new.hassagy.hu\/?page_id=323"},"modified":"2026-02-10T20:45:40","modified_gmt":"2026-02-10T19:45:40","slug":"kezdolap","status":"publish","type":"page","link":"https:\/\/www.hassagy.hu\/","title":{"rendered":"Kezd\u0151lap"},"content":{"rendered":"\n<p class=\"has-text-align-center has-medium-font-size\"><strong>H\u00e1ss\u00e1gy k<\/strong><strong>\u00f6<\/strong><strong>zs<\/strong><strong>\u00e9<\/strong><strong>g bemutat<\/strong><strong>\u00e1<\/strong><strong>sa<\/strong><\/p>\n\n\n\n<p><strong>A telep\u00fcl\u00e9s helyzete<\/strong><\/p>\n\n\n\n<p>A k\u00f6zs\u00e9g Baranya megye k\u00f6z\u00e9ps\u0151 r\u00e9sz\u00e9n, P\u00e9cst\u0151l d\u00e9lkeletre fekszik. Megk\u00f6zel\u00edt\u00e9se P\u00e9cset Moh\u00e1ccsal \u00f6sszek\u00f6t\u0151 57-es sz\u00e1m\u00fa f\u0151\u00faton Olasz le\u00e1gaz\u00e1sn\u00e1l, a telep\u00fcl\u00e9sen \u00e1t vagy az 5611 \u00faton Ellend fel\u0151l lehets\u00e9ges. H\u00e1ss\u00e1gy t\u00e1vols\u00e1ga P\u00e9cst\u0151l 17 km.<br>H\u00e1ss\u00e1gy Baranya apr\u00f3falvai k\u00f6z\u00e9 tartozik. Jelenlegi lakoss\u00e1g sz\u00e1ma 2025-\u00f6s adat szerint 257 f\u0151. A falut halast\u00f3 \u00e9s k\u00f6z\u00fat hat\u00e1rolja<br>A telep\u00fcl\u00e9s infrastruktur\u00e1lis ell\u00e1totts\u00e1ga baranyai viszonylatban j\u00f3nak mondhat\u00f3, apr\u00f3falvas \u00f6sszehasonl\u00edt\u00e1sban pedig kiv\u00e1l\u00f3. A vezet\u00e9kes iv\u00f3v\u00edzzel ell\u00e1tottak a lak\u00e1sok \u00e9s szennyv\u00edzcsatorn\u00e1val is rendelkeznek. A kommun\u00e1lis hullad\u00e9k \u00e9s a szelekt\u00edv hullad\u00e9k gy\u0171jt\u00e9se szervezett. A vezet\u00e9kes g\u00e1zzal ell\u00e1tott lak\u00e1sok ar\u00e1nya is igen magas.&nbsp; A h\u00e1ziorvosi, a v\u00e9d\u0151n\u0151i, az \u00e1llatorvosi, ell\u00e1t\u00e1s megoldott.<\/p>\n\n\n\n<p>A k\u00f6zs\u00e9gben \u00f3voda \u00e9s \u00e1ltal\u00e1nos iskola nincs, a k\u00f6rzetes\u00edt\u00e9skor Olaszhoz csatolt\u00e1k. A telep\u00fcl\u00e9sen m\u0171vel\u0151d\u00e9si h\u00e1z m\u0171k\u00f6dik. Benne t\u00f6bb alkalmi rendezv\u00e9nyt tartunk, pl. lakodalmakat, b\u00e1lokat, n\u00e9met nemzetis\u00e9gi hagyom\u00e1nyokat \u0151rz\u0151 m\u0171sorokat is. A polg\u00e1rmesteri hivatal, az orvosi rendel\u0151 \u00e9s a m\u0171vel\u0151d\u00e9si h\u00e1z egy \u00e9p\u00fcletben m\u0171k\u00f6dik. Ebben az \u00e9p\u00fcletegy\u00fcttesben m\u0171k\u00f6dik a k\u00f6nyvt\u00e1r, sz\u00ednvonalas k\u00f6nyv\u00e1llom\u00e1nnyal \u00e9s lehet\u0151s\u00e9g van ingyenes internet hozz\u00e1f\u00e9r\u00e9shez is. A k\u00f6nyvt\u00e1ri \u00e9s k\u00f6z\u00f6ss\u00e9gi szolg\u00e1ltat\u00e1sok ny\u00fajt\u00e1s\u00e1ban a Csorba Gy\u0151z\u0151 Megyei K\u00f6nyvt\u00e1r ny\u00fajt seg\u00edts\u00e9get.<\/p>\n\n\n\n<p><strong>R\u00f6vid t\u00f6rt\u00e9neti ismertet\u00e9s<\/strong><\/p>\n\n\n\n<p>H\u00e1ss\u00e1gy a megyesz\u00e9khelyt\u0151l d\u00e9lkeletre a Baranyai dombs\u00e1g ter\u00fclet\u00e9n, gy\u00f6ny\u00f6r\u0171 t\u00e1ji k\u00f6rnyezetben fekv\u0151 \u00fagynevezett k\u00e9tutc\u00e1s v\u00f6lgyi falu. Jellegzetes telep\u00fcl\u00e9sszerkezete, t\u00edpusa lehetett a XVIII. sz.-i n\u00e9met telepes falvaknak. Egyes forr\u00e1sok szerint a telep\u00fcl\u00e9s neve 1058-ban, m\u00e1s adat szerint 1068-ban kelt iraton tal\u00e1lhat\u00f3 el\u0151sz\u00f6r,\u201d Hashag\u201d-k\u00e9nt le\u00edrva, amir\u0151l felt\u00e9telezik a kutat\u00f3k, hogy h\u00e1rsakkal ben\u0151tt helyet jelent.<\/p>\n\n\n\n<p>A Gy\u0151r nemzetts\u00e9gbeli \u00d3v\u00e1ri Konr\u00e1d birtoka a ter\u00fclet a XIII. sz. v\u00e9g\u00e9n. Konr\u00e1d 1295-ben Olasz &#8211; H\u00e1ss\u00e1gy \u00e9s Hidor falu k\u00f6z\u00f6tt alap\u00edtotta a Szt. L\u00e1szl\u00f3 monostort, a p\u00e1los rendi szerzeteseknek.1333-ban \u00f6n\u00e1ll\u00f3 pl\u00e9b\u00e1ni\u00e1ja volt a k\u00f6z\u00f6ss\u00e9gnek. 1515-ben a kolostor aj\u00e1nd\u00e9kba kapja a falut, amely feltehet\u0151en a jelenlegi telep\u00fcl\u00e9st\u0151l d\u00e9lre ter\u00fclt el, Hidor falu ir\u00e1ny\u00e1ba. A t\u00f6r\u00f6k id\u0151kben eln\u00e9ptelenedett, a h\u00f3dolts\u00e1g v\u00e9g\u00e9re azonban \u00fajb\u00f3l lakott\u00e1 v\u00e1lt a ter\u00fclet. Ekkor a Boszni\u00e1b\u00f3l \u00e9rkez\u0151 r\u00e1czok, a hagyom\u00e1ny szerint a jelenlegi telep\u00fcl\u00e9st\u0151l \u00e9szak-nyugatra l\u00e9v\u0151 &#8222;H\u00e1ts\u00f3 R\u00e1c-h\u00f6gy&#8221;-\u00f6n telepedtek meg.<\/p>\n\n\n\n<p>Az 1695-ben a falu magyar f\u00f6ldesura, a Zr\u00ednyi csal\u00e1d volt. A telep\u00fcl\u00e9s k\u00e9s\u0151bb a kincst\u00e1rhoz ker\u00fcl vissza, majd 1732-t\u0151l P\u00e1lffy birtok.<\/p>\n\n\n\n<p>A R\u00e1k\u00f3czi szabads\u00e1gharc ut\u00e1n a r\u00e1cok t\u00f6bbs\u00e9ge elhagyta a ter\u00fcletet. A n\u00e9met telepesek 1740 k\u00f6r\u00fcl \u00e9rkeznek \u00e9s a templom f\u00f6l\u00f6tt \u00e9p\u00edtettek h\u00e1zakat, &#8222;Schwabendorf&#8221; a mai Kossuth L. u. \u00e9szaki r\u00e9sz\u00e9n, majd k\u00e9s\u0151bb t\u0151le nyugatra alakult ki a m\u00e1sik utca a patak v\u00f6lgy t\u00fals\u00f3 fel\u00e9n. Ez az \u00fagynevezett &#8222;Raizedorf&#8221;.<\/p>\n\n\n\n<p>Az els\u0151 templomot 1756-ban szentelik. A ma is \u00e1ll\u00f3 templomot, az akkori falu sz\u00e9l\u00e9n &#8211; ma k\u00f6zep\u00e9n 1763-ban szint\u00e9n P\u00e1duai Szt. Antal tisztelet\u00e9re szentelt\u00e9k fel<\/p>\n\n\n\n<p>A falu \u00e9szak-nyugati v\u00e9g\u00e9n a fenns\u00edk sz\u00e9l\u00e9n sz\u00e9p t\u00e1ji h\u00e1tt\u00e9rrel \u00e1ll az 1769-ben Szt. R\u00f3kus tisztelet\u00e9re szentelt k\u00e1polna.<\/p>\n\n\n\n<p>A telep\u00fcl\u00e9s f\u00f6ldesura 1780-t\u00f3l gr\u00f3f Batthy\u00e1ny F\u00fcl\u00f6p. Ez id\u0151ben a k\u00f6zs\u00e9g l\u00e9leksz\u00e1ma m\u00e1r 400 f\u0151 k\u00f6r\u00fcl van.<\/p>\n\n\n\n<p>A XIX. sz. els\u0151 harmad\u00e1ban (1828) H\u00e1ss\u00e1gy tiszta n\u00e9met falu. A f\u00f6ldm\u0171vel\u00e9sb\u0151l, bortermel\u00e9sb\u0151l \u00e9l\u0151 telep\u00fcl\u00e9s jelent\u0151s sz\u0151l\u0151 ter\u00fcletekkel rendelkezik.<\/p>\n\n\n\n<p>A telep\u00fcl\u00e9s fejl\u0151d\u00e9s\u00e9t jelzi, hogy 1869-ben 70 \u00e9p\u00fclet van, amelyb\u0151l 3 k\u00f6z\u00e9p\u00fclet \u00e9s 67 mag\u00e1ntulajdon\u00fa. 1880-ban 20 iparos m\u0171k\u00f6dik a faluban.<\/p>\n\n\n\n<p>A sz\u0151l\u0151hegyen a terjed\u0151 filox\u00e9ra meg\u00e1ll\u00edt\u00e1s\u00e1\u00e9rt foh\u00e1szkodva 1890-ben \u00e9p\u00edtett\u00e9k, illetve szentelt\u00e9k f\u00f6l a Szt. H\u00e1roms\u00e1g k\u00e1poln\u00e1t.<\/p>\n\n\n\n<p>A k\u00f6zs\u00e9g villamos\u00edt\u00e1sa 1928-ban fejez\u0151dik be. A lakoss\u00e1g sz\u00e1ma 1938-ban 614 f\u0151.<\/p>\n\n\n\n<p>1940-ben megyei hat\u00e1rozat sz\u00fcletett az Olasz &#8211; Hidor &#8211; H\u00e1ss\u00e1gy &#8211; Ellend bek\u00f6t\u0151\u00fat meg\u00e9p\u00edt\u00e9s\u00e9re. A m\u00e1sodik vil\u00e1gh\u00e1bor\u00fa ut\u00e1ni id\u0151ben elhagyta a falut n\u00e9h\u00e1ny n\u00e9met csal\u00e1d, ugyanakkor a felvid\u00e9kr\u0151l \u00e9s Jugoszl\u00e1vi\u00e1b\u00f3l kitelep\u00edtett magyar csal\u00e1dok \u00e9rkeztek.<\/p>\n","protected":false},"excerpt":{"rendered":"<p>H\u00e1ss\u00e1gy k\u00f6zs\u00e9g bemutat\u00e1sa A telep\u00fcl\u00e9s helyzete A k\u00f6zs\u00e9g Baranya megye k\u00f6z\u00e9ps\u0151 r\u00e9sz\u00e9n, P\u00e9cst\u0151l d\u00e9lkeletre fekszik. Megk\u00f6zel\u00edt\u00e9se P\u00e9cset Moh\u00e1ccsal \u00f6sszek\u00f6t\u0151 57-es sz\u00e1m\u00fa f\u0151\u00faton Olasz le\u00e1gaz\u00e1sn\u00e1l, a telep\u00fcl\u00e9sen \u00e1t vagy az 5611 \u00faton Ellend fel\u0151l lehets\u00e9ges. H\u00e1ss\u00e1gy t\u00e1vols\u00e1ga P\u00e9cst\u0151l 17 km.H\u00e1ss\u00e1gy Baranya apr\u00f3falvai k\u00f6z\u00e9 tartozik. Jelenlegi lakoss\u00e1g sz\u00e1ma 2025-\u00f6s adat szerint 257 f\u0151. A falut halast\u00f3 \u00e9s [&hellip;]<\/p>\n","protected":false},"author":1,"featured_media":0,"parent":0,"menu_order":0,"comment_status":"closed","ping_status":"closed","template":"","meta":{"site-sidebar-layout":"default","site-content-layout":"","ast-site-content-layout":"default","site-content-style":"default","site-sidebar-style":"default","ast-global-header-display":"","ast-banner-title-visibility":"","ast-main-header-display":"","ast-hfb-above-header-display":"","ast-hfb-below-header-display":"","ast-hfb-mobile-header-display":"","site-post-title":"","ast-breadcrumbs-content":"","ast-featured-img":"","footer-sml-layout":"","ast-disable-related-posts":"","theme-transparent-header-meta":"","adv-header-id-meta":"","stick-header-meta":"","header-above-stick-meta":"","header-main-stick-meta":"","header-below-stick-meta":"","astra-migrate-meta-layouts":"default","ast-page-background-enabled":"default","ast-page-background-meta":{"desktop":{"background-color":"var(--ast-global-color-5)","background-image":"","background-repeat":"repeat","background-position":"center center","background-size":"auto","background-attachment":"scroll","background-type":"","background-media":"","overlay-type":"","overlay-color":"","overlay-opacity":"","overlay-gradient":""},"tablet":{"background-color":"","background-image":"","background-repeat":"repeat","background-position":"center center","background-size":"auto","background-attachment":"scroll","background-type":"","background-media":"","overlay-type":"","overlay-color":"","overlay-opacity":"","overlay-gradient":""},"mobile":{"background-color":"","background-image":"","background-repeat":"repeat","background-position":"center center","background-size":"auto","background-attachment":"scroll","background-type":"","background-media":"","overlay-type":"","overlay-color":"","overlay-opacity":"","overlay-gradient":""}},"ast-content-background-meta":{"desktop":{"background-color":"var(--ast-global-color-4)","background-image":"","background-repeat":"repeat","background-position":"center center","background-size":"auto","background-attachment":"scroll","background-type":"","background-media":"","overlay-type":"","overlay-color":"","overlay-opacity":"","overlay-gradient":""},"tablet":{"background-color":"var(--ast-global-color-4)","background-image":"","background-repeat":"repeat","background-position":"center center","background-size":"auto","background-attachment":"scroll","background-type":"","background-media":"","overlay-type":"","overlay-color":"","overlay-opacity":"","overlay-gradient":""},"mobile":{"background-color":"var(--ast-global-color-4)","background-image":"","background-repeat":"repeat","background-position":"center center","background-size":"auto","background-attachment":"scroll","background-type":"","background-media":"","overlay-type":"","overlay-color":"","overlay-opacity":"","overlay-gradient":""}},"footnotes":""},"class_list":["post-323","page","type-page","status-publish","hentry"],"_links":{"self":[{"href":"https:\/\/www.hassagy.hu\/index.php?rest_route=\/wp\/v2\/pages\/323","targetHints":{"allow":["GET"]}}],"collection":[{"href":"https:\/\/www.hassagy.hu\/index.php?rest_route=\/wp\/v2\/pages"}],"about":[{"href":"https:\/\/www.hassagy.hu\/index.php?rest_route=\/wp\/v2\/types\/page"}],"author":[{"embeddable":true,"href":"https:\/\/www.hassagy.hu\/index.php?rest_route=\/wp\/v2\/users\/1"}],"replies":[{"embeddable":true,"href":"https:\/\/www.hassagy.hu\/index.php?rest_route=%2Fwp%2Fv2%2Fcomments&post=323"}],"version-history":[{"count":3,"href":"https:\/\/www.hassagy.hu\/index.php?rest_route=\/wp\/v2\/pages\/323\/revisions"}],"predecessor-version":[{"id":416,"href":"https:\/\/www.hassagy.hu\/index.php?rest_route=\/wp\/v2\/pages\/323\/revisions\/416"}],"wp:attachment":[{"href":"https:\/\/www.hassagy.hu\/index.php?rest_route=%2Fwp%2Fv2%2Fmedia&parent=323"}],"curies":[{"name":"wp","href":"https:\/\/api.w.org\/{rel}","templated":true}]}}