{"id":298,"date":"2025-07-30T11:39:46","date_gmt":"2025-07-30T09:39:46","guid":{"rendered":"https:\/\/new.hassagy.hu\/?page_id=298"},"modified":"2026-03-12T10:45:44","modified_gmt":"2026-03-12T09:45:44","slug":"hivatal","status":"publish","type":"page","link":"https:\/\/www.hassagy.hu\/?page_id=298","title":{"rendered":"Hivatal"},"content":{"rendered":"\n<p class=\"has-text-align-center has-medium-font-size\"><strong>H\u00e1ss\u00e1gy K\u00f6zs\u00e9g a Szederk\u00e9nyi K\u00f6z\u00f6s \u00d6nkorm\u00e1nyzati Hivatalhoz tartozik!<\/strong><\/p>\n\n\n\n<p class=\"has-text-align-center has-medium-font-size\"><strong><em>Az \u00fcgyint\u00e9z\u00e9s az Olaszi kirendelts\u00e9gen t\u00f6rt\u00e9nik!<\/em><\/strong><\/p>\n\n\n\n<p><strong>Szederk\u00e9nyi K\u00f6z\u00f6s \u00d6nkorm\u00e1nyzati Hivatal Olaszi Kirendelts\u00e9g:<\/strong><\/p>\n\n\n\n<p>7745 Olasz, Kossuth Lajos utca 54.<br>Tel.: +36 69 357 103<br>Mobil: +36&nbsp;20 258 2900<\/p>\n\n\n\n<p><strong>dr. Szl\u00e1vecz Tam\u00e1s<\/strong><br>Jegyz\u0151<br><strong>E-mail:&nbsp;<\/strong><a href=\"mailto:jegyzo@szederkeny.hu\">jegyzo@szederkeny.hu<\/a><\/p>\n\n\n\n<p><strong>Quelln\u00e9 Hernic Di\u00e1na<\/strong><br>Aljegyz\u0151<br><strong>E-mail:<\/strong>&nbsp;<a href=\"mailto:hernic.dia@szederkeny.hu\"><\/a><a href=\"mailto:aljegyzo@szederkeny.hu\">aljegyzo@szederkeny.hu<\/a><\/p>\n\n\n\n<h5 class=\"wp-block-heading\">\u00dcgyf\u00e9lfogad\u00e1s ideje<\/h5>\n\n\n\n<figure class=\"wp-block-table aligncenter\"><table class=\"has-fixed-layout\"><thead><tr><th class=\"has-text-align-center\" data-align=\"center\">H\u00e9tf\u0151<\/th><th class=\"has-text-align-center\" data-align=\"center\">Kedd<\/th><th class=\"has-text-align-center\" data-align=\"center\">Szerda<\/th><th class=\"has-text-align-center\" data-align=\"center\">Cs\u00fct\u00f6rt\u00f6k<\/th><th class=\"has-text-align-center\" data-align=\"center\">P\u00e9ntek<\/th><\/tr><\/thead><tbody><tr><td class=\"has-text-align-center\" data-align=\"center\">&#8212;<\/td><td class=\"has-text-align-center\" data-align=\"center\">08:00 &#8211; 15:45<\/td><td class=\"has-text-align-center\" data-align=\"center\">&#8212;<\/td><td class=\"has-text-align-center\" data-align=\"center\">08:00 &#8211; 15:45<\/td><td class=\"has-text-align-center\" data-align=\"center\">&nbsp; &#8212;<\/td><\/tr><\/tbody><\/table><\/figure>\n","protected":false},"excerpt":{"rendered":"<p>H\u00e1ss\u00e1gy K\u00f6zs\u00e9g a Szederk\u00e9nyi K\u00f6z\u00f6s \u00d6nkorm\u00e1nyzati Hivatalhoz tartozik! Az \u00fcgyint\u00e9z\u00e9s az Olaszi kirendelts\u00e9gen t\u00f6rt\u00e9nik! Szederk\u00e9nyi K\u00f6z\u00f6s \u00d6nkorm\u00e1nyzati Hivatal Olaszi Kirendelts\u00e9g: 7745 Olasz, Kossuth Lajos utca 54.Tel.: +36 69 357 103Mobil: +36&nbsp;20 258 2900 dr. Szl\u00e1vecz Tam\u00e1sJegyz\u0151E-mail:&nbsp;jegyzo@szederkeny.hu Quelln\u00e9 Hernic Di\u00e1naAljegyz\u0151E-mail:&nbsp;aljegyzo@szederkeny.hu \u00dcgyf\u00e9lfogad\u00e1s ideje H\u00e9tf\u0151 Kedd Szerda Cs\u00fct\u00f6rt\u00f6k P\u00e9ntek &#8212; 08:00 &#8211; 15:45 &#8212; 08:00 &#8211; 15:45 &nbsp; [&hellip;]<\/p>\n","protected":false},"author":1,"featured_media":0,"parent":0,"menu_order":0,"comment_status":"closed","ping_status":"closed","template":"","meta":{"site-sidebar-layout":"default","site-content-layout":"","ast-site-content-layout":"default","site-content-style":"default","site-sidebar-style":"default","ast-global-header-display":"","ast-banner-title-visibility":"","ast-main-header-display":"","ast-hfb-above-header-display":"","ast-hfb-below-header-display":"","ast-hfb-mobile-header-display":"","site-post-title":"","ast-breadcrumbs-content":"","ast-featured-img":"","footer-sml-layout":"","ast-disable-related-posts":"","theme-transparent-header-meta":"","adv-header-id-meta":"","stick-header-meta":"","header-above-stick-meta":"","header-main-stick-meta":"","header-below-stick-meta":"","astra-migrate-meta-layouts":"default","ast-page-background-enabled":"default","ast-page-background-meta":{"desktop":{"background-color":"var(--ast-global-color-5)","background-image":"","background-repeat":"repeat","background-position":"center center","background-size":"auto","background-attachment":"scroll","background-type":"","background-media":"","overlay-type":"","overlay-color":"","overlay-opacity":"","overlay-gradient":""},"tablet":{"background-color":"","background-image":"","background-repeat":"repeat","background-position":"center center","background-size":"auto","background-attachment":"scroll","background-type":"","background-media":"","overlay-type":"","overlay-color":"","overlay-opacity":"","overlay-gradient":""},"mobile":{"background-color":"","background-image":"","background-repeat":"repeat","background-position":"center center","background-size":"auto","background-attachment":"scroll","background-type":"","background-media":"","overlay-type":"","overlay-color":"","overlay-opacity":"","overlay-gradient":""}},"ast-content-background-meta":{"desktop":{"background-color":"var(--ast-global-color-4)","background-image":"","background-repeat":"repeat","background-position":"center center","background-size":"auto","background-attachment":"scroll","background-type":"","background-media":"","overlay-type":"","overlay-color":"","overlay-opacity":"","overlay-gradient":""},"tablet":{"background-color":"var(--ast-global-color-4)","background-image":"","background-repeat":"repeat","background-position":"center center","background-size":"auto","background-attachment":"scroll","background-type":"","background-media":"","overlay-type":"","overlay-color":"","overlay-opacity":"","overlay-gradient":""},"mobile":{"background-color":"var(--ast-global-color-4)","background-image":"","background-repeat":"repeat","background-position":"center center","background-size":"auto","background-attachment":"scroll","background-type":"","background-media":"","overlay-type":"","overlay-color":"","overlay-opacity":"","overlay-gradient":""}},"footnotes":""},"class_list":["post-298","page","type-page","status-publish","hentry"],"_links":{"self":[{"href":"https:\/\/www.hassagy.hu\/index.php?rest_route=\/wp\/v2\/pages\/298","targetHints":{"allow":["GET"]}}],"collection":[{"href":"https:\/\/www.hassagy.hu\/index.php?rest_route=\/wp\/v2\/pages"}],"about":[{"href":"https:\/\/www.hassagy.hu\/index.php?rest_route=\/wp\/v2\/types\/page"}],"author":[{"embeddable":true,"href":"https:\/\/www.hassagy.hu\/index.php?rest_route=\/wp\/v2\/users\/1"}],"replies":[{"embeddable":true,"href":"https:\/\/www.hassagy.hu\/index.php?rest_route=%2Fwp%2Fv2%2Fcomments&post=298"}],"version-history":[{"count":6,"href":"https:\/\/www.hassagy.hu\/index.php?rest_route=\/wp\/v2\/pages\/298\/revisions"}],"predecessor-version":[{"id":446,"href":"https:\/\/www.hassagy.hu\/index.php?rest_route=\/wp\/v2\/pages\/298\/revisions\/446"}],"wp:attachment":[{"href":"https:\/\/www.hassagy.hu\/index.php?rest_route=%2Fwp%2Fv2%2Fmedia&parent=298"}],"curies":[{"name":"wp","href":"https:\/\/api.w.org\/{rel}","templated":true}]}}