{"id":296,"date":"2025-07-30T11:39:35","date_gmt":"2025-07-30T09:39:35","guid":{"rendered":"https:\/\/new.hassagy.hu\/?page_id=296"},"modified":"2026-03-07T14:28:03","modified_gmt":"2026-03-07T13:28:03","slug":"nemet-onkormanyzat","status":"publish","type":"page","link":"https:\/\/www.hassagy.hu\/?page_id=296","title":{"rendered":"N\u00e9met \u00f6nkorm\u00e1nyzat"},"content":{"rendered":"\n<figure class=\"wp-block-table is-style-regular has-medium-font-size\"><table><thead><tr><th class=\"has-text-align-center\" data-align=\"center\" colspan=\"3\"><strong>N\u00e9met \u00f6nkorm\u00e1nyzat<\/strong><\/th><\/tr><\/thead><tbody><tr><td class=\"has-text-align-center\" data-align=\"center\">Mammel Krisztina<\/td><td class=\"has-text-align-center\" data-align=\"center\">mammel.kriszta@gmail.com<\/td><td class=\"has-text-align-center\" data-align=\"center\">+36302067025<\/td><\/tr><tr><td class=\"has-text-align-center\" data-align=\"center\">Fritz Em\u00edlia<\/td><td class=\"has-text-align-center\" data-align=\"center\">fritzemi2001@gmail.com<\/td><td class=\"has-text-align-center\" data-align=\"center\">+36203732862<\/td><\/tr><tr><td class=\"has-text-align-center\" data-align=\"center\">Hofecker Kl\u00e1ra<\/td><td class=\"has-text-align-center\" data-align=\"center\">hofeckerklara@gmail.com<\/td><td class=\"has-text-align-center\" data-align=\"center\">+36305941769<\/td><\/tr><\/tbody><\/table><\/figure>\n","protected":false},"excerpt":{"rendered":"<p>N\u00e9met \u00f6nkorm\u00e1nyzat Mammel Krisztina mammel.kriszta@gmail.com +36302067025 Fritz Em\u00edlia fritzemi2001@gmail.com +36203732862 Hofecker Kl\u00e1ra hofeckerklara@gmail.com +36305941769<\/p>\n","protected":false},"author":1,"featured_media":0,"parent":0,"menu_order":0,"comment_status":"closed","ping_status":"closed","template":"","meta":{"site-sidebar-layout":"default","site-content-layout":"","ast-site-content-layout":"default","site-content-style":"default","site-sidebar-style":"default","ast-global-header-display":"","ast-banner-title-visibility":"","ast-main-header-display":"","ast-hfb-above-header-display":"","ast-hfb-below-header-display":"","ast-hfb-mobile-header-display":"","site-post-title":"","ast-breadcrumbs-content":"","ast-featured-img":"","footer-sml-layout":"","ast-disable-related-posts":"","theme-transparent-header-meta":"","adv-header-id-meta":"","stick-header-meta":"","header-above-stick-meta":"","header-main-stick-meta":"","header-below-stick-meta":"","astra-migrate-meta-layouts":"default","ast-page-background-enabled":"default","ast-page-background-meta":{"desktop":{"background-color":"var(--ast-global-color-5)","background-image":"","background-repeat":"repeat","background-position":"center center","background-size":"auto","background-attachment":"scroll","background-type":"","background-media":"","overlay-type":"","overlay-color":"","overlay-opacity":"","overlay-gradient":""},"tablet":{"background-color":"","background-image":"","background-repeat":"repeat","background-position":"center center","background-size":"auto","background-attachment":"scroll","background-type":"","background-media":"","overlay-type":"","overlay-color":"","overlay-opacity":"","overlay-gradient":""},"mobile":{"background-color":"","background-image":"","background-repeat":"repeat","background-position":"center center","background-size":"auto","background-attachment":"scroll","background-type":"","background-media":"","overlay-type":"","overlay-color":"","overlay-opacity":"","overlay-gradient":""}},"ast-content-background-meta":{"desktop":{"background-color":"var(--ast-global-color-4)","background-image":"","background-repeat":"repeat","background-position":"center center","background-size":"auto","background-attachment":"scroll","background-type":"","background-media":"","overlay-type":"","overlay-color":"","overlay-opacity":"","overlay-gradient":""},"tablet":{"background-color":"var(--ast-global-color-4)","background-image":"","background-repeat":"repeat","background-position":"center center","background-size":"auto","background-attachment":"scroll","background-type":"","background-media":"","overlay-type":"","overlay-color":"","overlay-opacity":"","overlay-gradient":""},"mobile":{"background-color":"var(--ast-global-color-4)","background-image":"","background-repeat":"repeat","background-position":"center center","background-size":"auto","background-attachment":"scroll","background-type":"","background-media":"","overlay-type":"","overlay-color":"","overlay-opacity":"","overlay-gradient":""}},"footnotes":""},"class_list":["post-296","page","type-page","status-publish","hentry"],"_links":{"self":[{"href":"https:\/\/www.hassagy.hu\/index.php?rest_route=\/wp\/v2\/pages\/296","targetHints":{"allow":["GET"]}}],"collection":[{"href":"https:\/\/www.hassagy.hu\/index.php?rest_route=\/wp\/v2\/pages"}],"about":[{"href":"https:\/\/www.hassagy.hu\/index.php?rest_route=\/wp\/v2\/types\/page"}],"author":[{"embeddable":true,"href":"https:\/\/www.hassagy.hu\/index.php?rest_route=\/wp\/v2\/users\/1"}],"replies":[{"embeddable":true,"href":"https:\/\/www.hassagy.hu\/index.php?rest_route=%2Fwp%2Fv2%2Fcomments&post=296"}],"version-history":[{"count":5,"href":"https:\/\/www.hassagy.hu\/index.php?rest_route=\/wp\/v2\/pages\/296\/revisions"}],"predecessor-version":[{"id":439,"href":"https:\/\/www.hassagy.hu\/index.php?rest_route=\/wp\/v2\/pages\/296\/revisions\/439"}],"wp:attachment":[{"href":"https:\/\/www.hassagy.hu\/index.php?rest_route=%2Fwp%2Fv2%2Fmedia&parent=296"}],"curies":[{"name":"wp","href":"https:\/\/api.w.org\/{rel}","templated":true}]}}